{"id":114,"date":"2026-01-30T11:52:48","date_gmt":"2026-01-30T10:52:48","guid":{"rendered":"https:\/\/wechalleng.com\/?page_id=114"},"modified":"2026-04-07T16:50:49","modified_gmt":"2026-04-07T14:50:49","slug":"nos-actualites","status":"publish","type":"page","link":"https:\/\/wechalleng.com\/index.php\/nos-actualites\/","title":{"rendered":"Nos Actualit\u00e9s"},"content":{"rendered":"\n<h1 class=\"wp-block-heading has-text-align-center has-contrast-color has-text-color has-link-color wp-elements-1b96f81bcf96c200b9dd3de867e7b85e\" style=\"margin-top:var(--wp--preset--spacing--40);margin-bottom:var(--wp--preset--spacing--40);font-size:clamp(37.821px, 2.364rem + ((1vw - 3.2px) * 3.155), 70px);\"><strong>Nos actualit\u00e9s<\/strong><\/h1>\n\n\n\n<div class=\"wp-block-uagb-container uagb-block-471fb764 default uagb-is-root-container\">\n<h2 class=\"wp-block-heading has-text-color has-link-color wp-elements-b6fe7df30adf617c4358a94678ba836a\" style=\"color:#42b8b0;margin-right:0;margin-left:var(--wp--preset--spacing--70)\"><strong>Ils parlent de nous<\/strong>&#8230;<\/h2>\n<\/div>\n\n\n\n<div class=\"wp-block-group alignfull has-global-padding is-layout-constrained wp-container-core-group-is-layout-7fdc5f87 wp-block-group-is-layout-constrained\" style=\"margin-top:0;margin-bottom:0;padding-top:0;padding-right:var(--wp--preset--spacing--70);padding-bottom:var(--wp--preset--spacing--50);padding-left:var(--wp--preset--spacing--70)\">\n<div class=\"wp-block-columns alignwide is-layout-flex wp-container-core-columns-is-layout-51298f81 wp-block-columns-is-layout-flex\" style=\"margin-top:var(--wp--preset--spacing--70);margin-bottom:var(--wp--preset--spacing--50)\">\n<div class=\"wp-block-column has-border-color has-accent-6-border-color has-background has-global-padding is-content-justification-center is-layout-constrained wp-container-core-column-is-layout-860428b2 wp-block-column-is-layout-constrained\" style=\"border-width:2px;border-radius:10px;background-color:#f1f1f1;padding-top:var(--wp--preset--spacing--40);padding-right:var(--wp--preset--spacing--40);padding-bottom:var(--wp--preset--spacing--40);padding-left:var(--wp--preset--spacing--40)\">\n<div class=\"wp-block-uagb-image uagb-block-1fd4d647 wp-block-uagb-image--layout-default wp-block-uagb-image--effect-static wp-block-uagb-image--align-none\"><figure class=\"wp-block-uagb-image__figure\"><img decoding=\"async\" srcset=\"https:\/\/wechalleng.com\/wp-content\/uploads\/2026\/03\/Logo-Ouest-France-1024x374.png ,https:\/\/wechalleng.com\/wp-content\/uploads\/2026\/03\/Logo-Ouest-France-scaled.png 780w, https:\/\/wechalleng.com\/wp-content\/uploads\/2026\/03\/Logo-Ouest-France-scaled.png 360w\" sizes=\"auto, (max-width: 480px) 150px\" src=\"https:\/\/wechalleng.com\/wp-content\/uploads\/2026\/03\/Logo-Ouest-France-1024x374.png\" alt=\"Logo Ouest France\" class=\"uag-image-2728\" width=\"3840\" height=\"110\" title=\"Logo Ouest France\" loading=\"lazy\" role=\"img\"\/><\/figure><\/div>\n\n\n\n<p style=\"padding-top:var(--wp--preset--spacing--50);padding-right:0;padding-bottom:var(--wp--preset--spacing--50);padding-left:0;font-style:normal;font-weight:500;letter-spacing:0.5px\">Sant\u00e9. Cet entrepreneur r\u00e9invente le quotidien des personnes atteintes de troubles de la m\u00e9moire. 6&nbsp;millions de personnes souffrent de troubles de la m\u00e9moire en France.<\/p>\n\n\n\n<div class=\"wp-block-uagb-image uagb-block-43748c47 wp-block-uagb-image--layout-default wp-block-uagb-image--effect-static wp-block-uagb-image--align-none\"><figure class=\"wp-block-uagb-image__figure\"><img decoding=\"async\" srcset=\"https:\/\/wechalleng.com\/wp-content\/uploads\/2026\/03\/Photo-de-Loris-Prabel-1024x784.jpg ,https:\/\/wechalleng.com\/wp-content\/uploads\/2026\/03\/Photo-de-Loris-Prabel.jpg 780w, https:\/\/wechalleng.com\/wp-content\/uploads\/2026\/03\/Photo-de-Loris-Prabel.jpg 360w\" sizes=\"auto, (max-width: 480px) 150px\" src=\"https:\/\/wechalleng.com\/wp-content\/uploads\/2026\/03\/Photo-de-Loris-Prabel-1024x784.jpg\" alt=\"\" class=\"uag-image-2750\" width=\"1036\" height=\"793\" title=\"Screenshot\" loading=\"lazy\" role=\"img\"\/><\/figure><\/div>\n\n\n\n<div class=\"wp-block-buttons is-content-justification-center is-layout-flex wp-container-core-buttons-is-layout-d2a3880e wp-block-buttons-is-layout-flex\" style=\"margin-top:var(--wp--preset--spacing--30)\">\n<div class=\"wp-block-button has-custom-width wp-block-button__width-100\"><a class=\"wp-block-button__link has-contrast-color has-text-color has-background has-link-color has-large-font-size has-custom-font-size wp-element-button\" href=\"https:\/\/www.ouest-france.fr\/sante\/sante-cet-entrepreneur-reinvente-le-quotidien-des-personnes-atteintes-de-troubles-de-la-memoire-1b72fe72-d4fd-11f0-8fa7-06f366a2f70b\" style=\"background-color:#ffffff00;font-style:normal;font-weight:600;letter-spacing:0.08px;line-height:1.2;text-decoration:underline\"><strong>Lien de l&rsquo;article -&gt;<\/strong><\/a><\/div>\n<\/div>\n<\/div>\n\n\n\n<div class=\"wp-block-column has-border-color has-accent-6-border-color has-background has-global-padding is-content-justification-center is-layout-constrained wp-container-core-column-is-layout-860428b2 wp-block-column-is-layout-constrained\" style=\"border-width:2px;border-radius:10px;background-color:#f1f1f1;padding-top:var(--wp--preset--spacing--40);padding-right:var(--wp--preset--spacing--40);padding-bottom:var(--wp--preset--spacing--40);padding-left:var(--wp--preset--spacing--40)\">\n<div class=\"wp-block-uagb-image aligncenter uagb-block-95f46725 wp-block-uagb-image--layout-default wp-block-uagb-image--effect-static wp-block-uagb-image--align-center wp-container-content-69bc4bdf\"><figure class=\"wp-block-uagb-image__figure\"><img decoding=\"async\" srcset=\"https:\/\/wechalleng.com\/wp-content\/uploads\/2026\/03\/Logo_du_Telegramme-1024x182.jpg ,https:\/\/wechalleng.com\/wp-content\/uploads\/2026\/03\/Logo_du_Telegramme.jpg 780w, https:\/\/wechalleng.com\/wp-content\/uploads\/2026\/03\/Logo_du_Telegramme.jpg 360w\" sizes=\"auto, (max-width: 480px) 150px\" src=\"https:\/\/wechalleng.com\/wp-content\/uploads\/2026\/03\/Logo_du_Telegramme-1024x182.jpg\" alt=\"Logo_du_T\u00e9l\u00e9gramme\" class=\"uag-image-2729\" width=\"1831\" height=\"325\" title=\"Logo_du_T\u00e9l\u00e9gramme\" loading=\"lazy\" role=\"img\"\/><\/figure><\/div>\n\n\n\n<p style=\"margin-top:var(--wp--preset--spacing--70);margin-bottom:var(--wp--preset--spacing--50);font-style:normal;font-weight:500;letter-spacing:0.5px\">\u00ab&nbsp;Petit oubli&nbsp;\u00bb, \u00ab&nbsp;objets perdus&nbsp;\u00bb, \u00ab&nbsp;o\u00f9 aller&nbsp;\u00bb\u2026 La start-up vannetaise WEchalleng lance une appli pour aider les malades d\u2019Alzheimer dans leur quotidien<\/p>\n\n\n\n<div class=\"wp-block-uagb-image uagb-block-2f9e9462 wp-block-uagb-image--layout-default wp-block-uagb-image--effect-static wp-block-uagb-image--align-none\"><figure class=\"wp-block-uagb-image__figure\"><img decoding=\"async\" srcset=\"https:\/\/wechalleng.com\/wp-content\/uploads\/2026\/03\/Photo-de-loris-Prabe-1024x640.webp ,https:\/\/wechalleng.com\/wp-content\/uploads\/2026\/03\/Photo-de-loris-Prabe.webp 780w, https:\/\/wechalleng.com\/wp-content\/uploads\/2026\/03\/Photo-de-loris-Prabe.webp 360w\" sizes=\"auto, (max-width: 480px) 150px\" src=\"https:\/\/wechalleng.com\/wp-content\/uploads\/2026\/03\/Photo-de-loris-Prabe-1024x640.webp\" alt=\"\" class=\"uag-image-2744\" width=\"1036\" height=\"183\" title=\"Photo de loris Prabe\" loading=\"lazy\" role=\"img\"\/><\/figure><\/div>\n\n\n\n<div class=\"wp-block-buttons is-content-justification-center is-layout-flex wp-container-core-buttons-is-layout-d2a3880e wp-block-buttons-is-layout-flex\" style=\"margin-top:var(--wp--preset--spacing--30)\">\n<div class=\"wp-block-button has-custom-width wp-block-button__width-100\"><a class=\"wp-block-button__link has-contrast-color has-text-color has-background has-link-color has-large-font-size has-custom-font-size wp-element-button\" href=\"https:\/\/www.letelegramme.fr\/morbihan\/vannes-56000\/petit-oubli-objets-perdus-ou-aller-la-start-up-vannetaise-wechalleng-lance-une-appli-pour-aider-les-malades-dalzheimer-dans-leur-quotidien-6925221.php\" style=\"background-color:#ffffff00;font-style:normal;font-weight:600;letter-spacing:0.08px;line-height:1.2;text-decoration:underline\"><strong>Lien de l&rsquo;article -&gt;<\/strong><\/a><\/div>\n<\/div>\n<\/div>\n\n\n\n<div class=\"wp-block-column has-border-color has-accent-6-border-color has-background has-global-padding is-content-justification-center is-layout-constrained wp-container-core-column-is-layout-860428b2 wp-block-column-is-layout-constrained\" style=\"border-width:2px;border-radius:10px;background-color:#f1f1f1;padding-top:var(--wp--preset--spacing--40);padding-right:var(--wp--preset--spacing--40);padding-bottom:var(--wp--preset--spacing--40);padding-left:var(--wp--preset--spacing--40)\">\n<div class=\"wp-block-uagb-image uagb-block-6eae1c95 wp-block-uagb-image--layout-default wp-block-uagb-image--effect-static wp-block-uagb-image--align-none\"><figure class=\"wp-block-uagb-image__figure\"><img decoding=\"async\" srcset=\"https:\/\/wechalleng.com\/wp-content\/uploads\/2026\/03\/Le-Journal-des-Entreprises_Logo.jpg ,https:\/\/wechalleng.com\/wp-content\/uploads\/2026\/03\/Le-Journal-des-Entreprises_Logo.jpg 780w, https:\/\/wechalleng.com\/wp-content\/uploads\/2026\/03\/Le-Journal-des-Entreprises_Logo.jpg 360w\" sizes=\"auto, (max-width: 480px) 150px\" src=\"https:\/\/wechalleng.com\/wp-content\/uploads\/2026\/03\/Le-Journal-des-Entreprises_Logo.jpg\" alt=\"\" class=\"uag-image-2730\" width=\"600\" height=\"204\" title=\"Le-Journal-des-Entreprises_Logo\" loading=\"lazy\" role=\"img\"\/><\/figure><\/div>\n\n\n\n<p style=\"padding-top:var(--wp--preset--spacing--50);padding-bottom:var(--wp--preset--spacing--70);font-style:normal;font-weight:500;letter-spacing:0.5px\">La start-up lorientaise WEchalleng a mis au point le premier aidant pour les personnes souffrant de troubles de l&rsquo;oubli<\/p>\n\n\n\n<div class=\"wp-block-uagb-image uagb-block-b024537b wp-block-uagb-image--layout-default wp-block-uagb-image--effect-static wp-block-uagb-image--align-none\"><figure class=\"wp-block-uagb-image__figure\"><img decoding=\"async\" srcset=\"https:\/\/wechalleng.com\/wp-content\/uploads\/2026\/03\/Photo-Loris-Prabel-1024x718.jpg ,https:\/\/wechalleng.com\/wp-content\/uploads\/2026\/03\/Photo-Loris-Prabel.jpg 780w, https:\/\/wechalleng.com\/wp-content\/uploads\/2026\/03\/Photo-Loris-Prabel.jpg 360w\" sizes=\"auto, (max-width: 480px) 150px\" src=\"https:\/\/wechalleng.com\/wp-content\/uploads\/2026\/03\/Photo-Loris-Prabel-1024x718.jpg\" alt=\"\" class=\"uag-image-2746\" width=\"1036\" height=\"793\" title=\"Photo Loris Prabel\" loading=\"lazy\" role=\"img\"\/><\/figure><\/div>\n\n\n\n<div class=\"wp-block-buttons is-content-justification-center is-layout-flex wp-container-core-buttons-is-layout-d2a3880e wp-block-buttons-is-layout-flex\" style=\"margin-top:var(--wp--preset--spacing--30)\">\n<div class=\"wp-block-button has-custom-width wp-block-button__width-100\"><a class=\"wp-block-button__link has-contrast-color has-text-color has-background has-link-color has-large-font-size has-custom-font-size wp-element-button\" href=\"https:\/\/www.ouest-france.fr\/sante\/sante-cet-entrepreneur-reinvente-le-quotidien-des-personnes-atteintes-de-troubles-de-la-memoire-1b72fe72-d4fd-11f0-8fa7-06f366a2f70b\" style=\"background-color:#ffffff00;font-style:normal;font-weight:600;letter-spacing:0.08px;line-height:1.2;text-decoration:underline\"><strong>Lien de l&rsquo;article -&gt;<\/strong><\/a><\/div>\n<\/div>\n<\/div>\n<\/div>\n<\/div>\n\n\n\n<div class=\"wp-block-group alignfull uag-hide-desktop uag-hide-tab uag-hide-mob has-global-padding is-layout-constrained wp-container-core-group-is-layout-35d5c729 wp-block-group-is-layout-constrained\" style=\"margin-top:0;margin-bottom:0;padding-top:var(--wp--preset--spacing--50);padding-right:var(--wp--preset--spacing--70);padding-bottom:var(--wp--preset--spacing--50);padding-left:var(--wp--preset--spacing--70)\">\n<div class=\"wp-block-uagb-container uagb-block-dbffa100 default uagb-is-root-container\">\n<h2 class=\"wp-block-heading has-text-color has-link-color wp-elements-1254331382ac54db1f9c94940788b311\" style=\"color:#42b8b0;margin-left:var(--wp--preset--spacing--70)\"><strong>Nos articles<\/strong><\/h2>\n<\/div>\n\n\n\n<div class=\"wp-block-columns alignwide is-layout-flex wp-container-core-columns-is-layout-28f84493 wp-block-columns-is-layout-flex\">\n<div class=\"wp-block-column is-layout-flow wp-block-column-is-layout-flow\">\n<figure class=\"wp-block-image size-full\" style=\"margin-bottom:24px\"><img decoding=\"async\" src=\"https:\/\/wechalleng.com\/wp-content\/themes\/twentytwentyfive\/assets\/images\/campanula-alliariifolia-flower.webp\" alt=\"Image pour le service\" style=\"aspect-ratio:4\/3;object-fit:cover\"\/><\/figure>\n\n\n\n<h3 class=\"wp-block-heading has-x-large-font-size\" style=\"font-style:normal;font-weight:600\"><a href=\"https:\/\/wechalleng.com\/?page_id=285\" data-type=\"page\" data-id=\"285\">La maladie d\u2019Alzheimer<\/a><\/h3>\n<\/div>\n\n\n\n<div class=\"wp-block-column is-layout-flow wp-block-column-is-layout-flow\">\n<figure class=\"wp-block-image size-full\" style=\"margin-bottom:24px\"><img decoding=\"async\" src=\"https:\/\/wechalleng.com\/wp-content\/themes\/twentytwentyfive\/assets\/images\/delphinium-flowers.webp\" alt=\"Image pour le service\" style=\"aspect-ratio:4\/3;object-fit:cover\"\/><\/figure>\n\n\n\n<h3 class=\"wp-block-heading has-x-large-font-size\" style=\"font-style:normal;font-weight:600\"><a href=\"https:\/\/wechalleng.com\/?page_id=286\" data-type=\"page\" data-id=\"286\">Le maintien \u00e0 domicile<\/a><\/h3>\n<\/div>\n\n\n\n<div class=\"wp-block-column is-layout-flow wp-block-column-is-layout-flow\">\n<figure class=\"wp-block-image size-full\" style=\"margin-bottom:24px\"><img decoding=\"async\" src=\"https:\/\/wechalleng.com\/wp-content\/themes\/twentytwentyfive\/assets\/images\/star-thristle-flower.webp\" alt=\"Image pour le service\" style=\"aspect-ratio:4\/3;object-fit:cover\"\/><\/figure>\n\n\n\n<h3 class=\"wp-block-heading has-x-large-font-size\" style=\"font-style:normal;font-weight:600\"><a href=\"https:\/\/wechalleng.com\/?page_id=287\" data-type=\"page\" data-id=\"287\">Les troubles de la m\u00e9moires<\/a><\/h3>\n<\/div>\n<\/div>\n<\/div>\n","protected":false},"excerpt":{"rendered":"<p>Nos actualit\u00e9s Ils parlent de nous&#8230; Sant\u00e9. Cet entrepreneur r\u00e9invente le quotidien des personnes atteintes de troubles de la m\u00e9moire. 6&nbsp;millions de personnes souffrent de troubles de la m\u00e9moire en France. \u00ab&nbsp;Petit oubli&nbsp;\u00bb, \u00ab&nbsp;objets perdus&nbsp;\u00bb, \u00ab&nbsp;o\u00f9 aller&nbsp;\u00bb\u2026 La start-up vannetaise WEchalleng lance une appli pour aider les malades d\u2019Alzheimer dans leur quotidien La start-up lorientaise [&hellip;]<\/p>\n","protected":false},"author":2,"featured_media":0,"parent":0,"menu_order":0,"comment_status":"closed","ping_status":"closed","template":"page-no-title","meta":{"_acf_changed":false,"_uag_custom_page_level_css":"","footnotes":""},"class_list":["post-114","page","type-page","status-publish","hentry"],"acf":[],"yoast_head":"<!-- This site is optimized with the Yoast SEO plugin v27.3 - https:\/\/yoast.com\/product\/yoast-seo-wordpress\/ -->\n<title>Ma\u00e9 by WEchalleng, la start\u2011up m\u00e9moire salu\u00e9e par les m\u00e9dias.<\/title>\n<meta name=\"description\" content=\"Les m\u00e9dias saluent Ma\u00e9, une innovation in\u00e9dite en France : articles et reportages sur une solution \u00e0 fort impact sur le quotidien.\" \/>\n<meta name=\"robots\" content=\"index, follow, max-snippet:-1, max-image-preview:large, max-video-preview:-1\" \/>\n<link rel=\"canonical\" href=\"https:\/\/wechalleng.com\/index.php\/nos-actualites\/\" \/>\n<meta property=\"og:locale\" content=\"fr_FR\" \/>\n<meta property=\"og:type\" content=\"article\" \/>\n<meta property=\"og:title\" content=\"Ma\u00e9 by WEchalleng, la start\u2011up m\u00e9moire salu\u00e9e par les m\u00e9dias.\" \/>\n<meta property=\"og:description\" content=\"Les m\u00e9dias saluent Ma\u00e9, une innovation in\u00e9dite en France : articles et reportages sur une solution \u00e0 fort impact sur le quotidien.\" \/>\n<meta property=\"og:url\" content=\"https:\/\/wechalleng.com\/index.php\/nos-actualites\/\" \/>\n<meta property=\"og:site_name\" content=\"WEchalleng\" \/>\n<meta property=\"article:publisher\" content=\"https:\/\/www.facebook.com\/profile.php?id=61581220022272&amp;name=xhp_nt__fb__action__open_user\" \/>\n<meta property=\"article:modified_time\" content=\"2026-04-07T14:50:49+00:00\" \/>\n<meta property=\"og:image\" content=\"https:\/\/wechalleng.com\/wp-content\/uploads\/2026\/03\/Logo-Ouest-France-1024x374.png\" \/>\n<meta name=\"twitter:card\" content=\"summary_large_image\" \/>\n<meta name=\"twitter:label1\" content=\"Dur\u00e9e de lecture estim\u00e9e\" \/>\n\t<meta name=\"twitter:data1\" content=\"3 minutes\" \/>\n<script type=\"application\/ld+json\" class=\"yoast-schema-graph\">{\"@context\":\"https:\\\/\\\/schema.org\",\"@graph\":[{\"@type\":\"WebPage\",\"@id\":\"https:\\\/\\\/wechalleng.com\\\/index.php\\\/nos-actualites\\\/\",\"url\":\"https:\\\/\\\/wechalleng.com\\\/index.php\\\/nos-actualites\\\/\",\"name\":\"Ma\u00e9 by WEchalleng, la start\u2011up m\u00e9moire salu\u00e9e par les m\u00e9dias.\",\"isPartOf\":{\"@id\":\"https:\\\/\\\/wechalleng.com\\\/#website\"},\"primaryImageOfPage\":{\"@id\":\"https:\\\/\\\/wechalleng.com\\\/index.php\\\/nos-actualites\\\/#primaryimage\"},\"image\":{\"@id\":\"https:\\\/\\\/wechalleng.com\\\/index.php\\\/nos-actualites\\\/#primaryimage\"},\"thumbnailUrl\":\"https:\\\/\\\/wechalleng.com\\\/wp-content\\\/uploads\\\/2026\\\/03\\\/Logo-Ouest-France-1024x374.png\",\"datePublished\":\"2026-01-30T10:52:48+00:00\",\"dateModified\":\"2026-04-07T14:50:49+00:00\",\"description\":\"Les m\u00e9dias saluent Ma\u00e9, une innovation in\u00e9dite en France : articles et reportages sur une solution \u00e0 fort impact sur le quotidien.\",\"breadcrumb\":{\"@id\":\"https:\\\/\\\/wechalleng.com\\\/index.php\\\/nos-actualites\\\/#breadcrumb\"},\"inLanguage\":\"fr-FR\",\"potentialAction\":[{\"@type\":\"ReadAction\",\"target\":[\"https:\\\/\\\/wechalleng.com\\\/index.php\\\/nos-actualites\\\/\"]}]},{\"@type\":\"ImageObject\",\"inLanguage\":\"fr-FR\",\"@id\":\"https:\\\/\\\/wechalleng.com\\\/index.php\\\/nos-actualites\\\/#primaryimage\",\"url\":\"https:\\\/\\\/wechalleng.com\\\/wp-content\\\/uploads\\\/2026\\\/03\\\/Logo-Ouest-France-scaled.png\",\"contentUrl\":\"https:\\\/\\\/wechalleng.com\\\/wp-content\\\/uploads\\\/2026\\\/03\\\/Logo-Ouest-France-scaled.png\",\"width\":2560,\"height\":934},{\"@type\":\"BreadcrumbList\",\"@id\":\"https:\\\/\\\/wechalleng.com\\\/index.php\\\/nos-actualites\\\/#breadcrumb\",\"itemListElement\":[{\"@type\":\"ListItem\",\"position\":1,\"name\":\"Accueil\",\"item\":\"https:\\\/\\\/wechalleng.com\\\/\"},{\"@type\":\"ListItem\",\"position\":2,\"name\":\"Nos Actualit\u00e9s\"}]},{\"@type\":\"WebSite\",\"@id\":\"https:\\\/\\\/wechalleng.com\\\/#website\",\"url\":\"https:\\\/\\\/wechalleng.com\\\/\",\"name\":\"WeChalleng\",\"description\":\"Ma\u00e9\u00ae by WEchalleng\",\"publisher\":{\"@id\":\"https:\\\/\\\/wechalleng.com\\\/#organization\"},\"potentialAction\":[{\"@type\":\"SearchAction\",\"target\":{\"@type\":\"EntryPoint\",\"urlTemplate\":\"https:\\\/\\\/wechalleng.com\\\/?s={search_term_string}\"},\"query-input\":{\"@type\":\"PropertyValueSpecification\",\"valueRequired\":true,\"valueName\":\"search_term_string\"}}],\"inLanguage\":\"fr-FR\"},{\"@type\":\"Organization\",\"@id\":\"https:\\\/\\\/wechalleng.com\\\/#organization\",\"name\":\"WeChalleng\",\"url\":\"https:\\\/\\\/wechalleng.com\\\/\",\"logo\":{\"@type\":\"ImageObject\",\"inLanguage\":\"fr-FR\",\"@id\":\"https:\\\/\\\/wechalleng.com\\\/#\\\/schema\\\/logo\\\/image\\\/\",\"url\":\"https:\\\/\\\/wechalleng.com\\\/wp-content\\\/uploads\\\/2026\\\/01\\\/Mexercer-2.png\",\"contentUrl\":\"https:\\\/\\\/wechalleng.com\\\/wp-content\\\/uploads\\\/2026\\\/01\\\/Mexercer-2.png\",\"width\":1862,\"height\":500,\"caption\":\"WeChalleng\"},\"image\":{\"@id\":\"https:\\\/\\\/wechalleng.com\\\/#\\\/schema\\\/logo\\\/image\\\/\"},\"sameAs\":[\"https:\\\/\\\/www.facebook.com\\\/profile.php?id=61581220022272&name=xhp_nt__fb__action__open_user\",\"https:\\\/\\\/www.instagram.com\\\/wechalleng_\\\/\"]}]}<\/script>\n<!-- \/ Yoast SEO plugin. -->","yoast_head_json":{"title":"Ma\u00e9 by WEchalleng, la start\u2011up m\u00e9moire salu\u00e9e par les m\u00e9dias.","description":"Les m\u00e9dias saluent Ma\u00e9, une innovation in\u00e9dite en France : articles et reportages sur une solution \u00e0 fort impact sur le quotidien.","robots":{"index":"index","follow":"follow","max-snippet":"max-snippet:-1","max-image-preview":"max-image-preview:large","max-video-preview":"max-video-preview:-1"},"canonical":"https:\/\/wechalleng.com\/index.php\/nos-actualites\/","og_locale":"fr_FR","og_type":"article","og_title":"Ma\u00e9 by WEchalleng, la start\u2011up m\u00e9moire salu\u00e9e par les m\u00e9dias.","og_description":"Les m\u00e9dias saluent Ma\u00e9, une innovation in\u00e9dite en France : articles et reportages sur une solution \u00e0 fort impact sur le quotidien.","og_url":"https:\/\/wechalleng.com\/index.php\/nos-actualites\/","og_site_name":"WEchalleng","article_publisher":"https:\/\/www.facebook.com\/profile.php?id=61581220022272&name=xhp_nt__fb__action__open_user","article_modified_time":"2026-04-07T14:50:49+00:00","og_image":[{"url":"https:\/\/wechalleng.com\/wp-content\/uploads\/2026\/03\/Logo-Ouest-France-1024x374.png","type":"","width":"","height":""}],"twitter_card":"summary_large_image","twitter_misc":{"Dur\u00e9e de lecture estim\u00e9e":"3 minutes"},"schema":{"@context":"https:\/\/schema.org","@graph":[{"@type":"WebPage","@id":"https:\/\/wechalleng.com\/index.php\/nos-actualites\/","url":"https:\/\/wechalleng.com\/index.php\/nos-actualites\/","name":"Ma\u00e9 by WEchalleng, la start\u2011up m\u00e9moire salu\u00e9e par les m\u00e9dias.","isPartOf":{"@id":"https:\/\/wechalleng.com\/#website"},"primaryImageOfPage":{"@id":"https:\/\/wechalleng.com\/index.php\/nos-actualites\/#primaryimage"},"image":{"@id":"https:\/\/wechalleng.com\/index.php\/nos-actualites\/#primaryimage"},"thumbnailUrl":"https:\/\/wechalleng.com\/wp-content\/uploads\/2026\/03\/Logo-Ouest-France-1024x374.png","datePublished":"2026-01-30T10:52:48+00:00","dateModified":"2026-04-07T14:50:49+00:00","description":"Les m\u00e9dias saluent Ma\u00e9, une innovation in\u00e9dite en France : articles et reportages sur une solution \u00e0 fort impact sur le quotidien.","breadcrumb":{"@id":"https:\/\/wechalleng.com\/index.php\/nos-actualites\/#breadcrumb"},"inLanguage":"fr-FR","potentialAction":[{"@type":"ReadAction","target":["https:\/\/wechalleng.com\/index.php\/nos-actualites\/"]}]},{"@type":"ImageObject","inLanguage":"fr-FR","@id":"https:\/\/wechalleng.com\/index.php\/nos-actualites\/#primaryimage","url":"https:\/\/wechalleng.com\/wp-content\/uploads\/2026\/03\/Logo-Ouest-France-scaled.png","contentUrl":"https:\/\/wechalleng.com\/wp-content\/uploads\/2026\/03\/Logo-Ouest-France-scaled.png","width":2560,"height":934},{"@type":"BreadcrumbList","@id":"https:\/\/wechalleng.com\/index.php\/nos-actualites\/#breadcrumb","itemListElement":[{"@type":"ListItem","position":1,"name":"Accueil","item":"https:\/\/wechalleng.com\/"},{"@type":"ListItem","position":2,"name":"Nos Actualit\u00e9s"}]},{"@type":"WebSite","@id":"https:\/\/wechalleng.com\/#website","url":"https:\/\/wechalleng.com\/","name":"WeChalleng","description":"Ma\u00e9\u00ae by WEchalleng","publisher":{"@id":"https:\/\/wechalleng.com\/#organization"},"potentialAction":[{"@type":"SearchAction","target":{"@type":"EntryPoint","urlTemplate":"https:\/\/wechalleng.com\/?s={search_term_string}"},"query-input":{"@type":"PropertyValueSpecification","valueRequired":true,"valueName":"search_term_string"}}],"inLanguage":"fr-FR"},{"@type":"Organization","@id":"https:\/\/wechalleng.com\/#organization","name":"WeChalleng","url":"https:\/\/wechalleng.com\/","logo":{"@type":"ImageObject","inLanguage":"fr-FR","@id":"https:\/\/wechalleng.com\/#\/schema\/logo\/image\/","url":"https:\/\/wechalleng.com\/wp-content\/uploads\/2026\/01\/Mexercer-2.png","contentUrl":"https:\/\/wechalleng.com\/wp-content\/uploads\/2026\/01\/Mexercer-2.png","width":1862,"height":500,"caption":"WeChalleng"},"image":{"@id":"https:\/\/wechalleng.com\/#\/schema\/logo\/image\/"},"sameAs":["https:\/\/www.facebook.com\/profile.php?id=61581220022272&name=xhp_nt__fb__action__open_user","https:\/\/www.instagram.com\/wechalleng_\/"]}]}},"uagb_featured_image_src":{"full":false,"thumbnail":false,"medium":false,"medium_large":false,"large":false,"1536x1536":false,"2048x2048":false},"uagb_author_info":{"display_name":"Loris Prabel","author_link":"https:\/\/wechalleng.com\/index.php\/author\/loris\/"},"uagb_comment_info":0,"uagb_excerpt":"Nos actualit\u00e9s Ils parlent de nous&#8230; Sant\u00e9. Cet entrepreneur r\u00e9invente le quotidien des personnes atteintes de troubles de la m\u00e9moire. 6&nbsp;millions de personnes souffrent de troubles de la m\u00e9moire en France. \u00ab&nbsp;Petit oubli&nbsp;\u00bb, \u00ab&nbsp;objets perdus&nbsp;\u00bb, \u00ab&nbsp;o\u00f9 aller&nbsp;\u00bb\u2026 La start-up vannetaise WEchalleng lance une appli pour aider les malades d\u2019Alzheimer dans leur quotidien La start-up lorientaise\u2026","_links":{"self":[{"href":"https:\/\/wechalleng.com\/index.php\/wp-json\/wp\/v2\/pages\/114","targetHints":{"allow":["GET"]}}],"collection":[{"href":"https:\/\/wechalleng.com\/index.php\/wp-json\/wp\/v2\/pages"}],"about":[{"href":"https:\/\/wechalleng.com\/index.php\/wp-json\/wp\/v2\/types\/page"}],"author":[{"embeddable":true,"href":"https:\/\/wechalleng.com\/index.php\/wp-json\/wp\/v2\/users\/2"}],"replies":[{"embeddable":true,"href":"https:\/\/wechalleng.com\/index.php\/wp-json\/wp\/v2\/comments?post=114"}],"version-history":[{"count":96,"href":"https:\/\/wechalleng.com\/index.php\/wp-json\/wp\/v2\/pages\/114\/revisions"}],"predecessor-version":[{"id":2751,"href":"https:\/\/wechalleng.com\/index.php\/wp-json\/wp\/v2\/pages\/114\/revisions\/2751"}],"wp:attachment":[{"href":"https:\/\/wechalleng.com\/index.php\/wp-json\/wp\/v2\/media?parent=114"}],"curies":[{"name":"wp","href":"https:\/\/api.w.org\/{rel}","templated":true}]}}