{"id":303,"date":"2026-02-02T10:02:15","date_gmt":"2026-02-02T09:02:15","guid":{"rendered":"https:\/\/wechalleng.com\/?page_id=303"},"modified":"2026-03-17T17:01:13","modified_gmt":"2026-03-17T16:01:13","slug":"besoin-info","status":"publish","type":"page","link":"https:\/\/wechalleng.com\/index.php\/besoin-info\/","title":{"rendered":"Besoin d&rsquo;info"},"content":{"rendered":"\n<h1 class=\"wp-block-heading has-text-align-center has-xx-large-font-size\" style=\"margin-top:var(--wp--preset--spacing--50);margin-bottom:0\"><strong>Besoin d&rsquo;informations<\/strong><\/h1>\n\n\n\n<h2 class=\"wp-block-heading has-text-align-center\" style=\"letter-spacing:0.5px\">Nous sommes l\u00e0 pour vous <\/h2>\n\n\n\n<p class=\"has-text-align-center\">Pour que l\u2019\u00e9quipe\u00a0\u00a0Ma\u00e9\u00ae vous accompagne au mieux, choisissez le sujet qui vous concerne, puis prenez un moment pour nous en dire plus sur votre demande en remplissant le formulaire.<\/p>\n\n\n\n<div class=\"wp-block-uagb-forms uagb-forms__outer-wrap uagb-block-b8165d7c uagb-forms__medium-btn\"><form class=\"uagb-forms-main-form\" method=\"post\" autocomplete=\"on\" name=\"uagb-form-b8165d7c\">\n<div class=\"wp-block-uagb-forms-name uagb-forms-name-wrap uagb-forms-field-set uagb-block-bba52dbf\"><div class=\"uagb-forms-name-label required uagb-forms-input-label\" id=\"bba52dbf\">Pr\u00e9nom<\/div><input type=\"text\" placeholder=\"Pierre\" required class=\"uagb-forms-name-input uagb-forms-input\" name=\"bba52dbf\" autocomplete=\"given-name\"\/><\/div>\n\n\n\n<div class=\"wp-block-uagb-forms-name uagb-forms-name-wrap uagb-forms-field-set uagb-block-b7fd3bd5\"><div class=\"uagb-forms-name-label required uagb-forms-input-label\" id=\"b7fd3bd5\">Nom<\/div><input type=\"text\" placeholder=\"Durand\" required class=\"uagb-forms-name-input uagb-forms-input\" name=\"b7fd3bd5\" autocomplete=\"family-name\"\/><\/div>\n\n\n\n<div class=\"wp-block-uagb-forms-email uagb-forms-email-wrap uagb-forms-field-set uagb-block-a2cd1a3c\"><div class=\"uagb-forms-email-label required uagb-forms-input-label\" id=\"a2cd1a3c\">Email<\/div><input type=\"email\" class=\"uagb-forms-email-input uagb-forms-input\" placeholder=\"example@mail.com\" required name=\"a2cd1a3c\" autocomplete=\"email\"\/><\/div>\n\n\n\n<div class=\"wp-block-uagb-forms-select uagb-forms-select-wrap uagb-forms-field-set uagb-block-567f10c4\"><div class=\"uagb-forms-select-label required uagb-forms-input-label\" id=\"567f10c4\">Objets<\/div><select class=\"uagb-forms-select-box uagb-forms-input\" required name=\"567f10c4\"><option value=\"\" disabled selected>Select your option<\/option><option value=\"Info Accompanement Ma\u00e9\">Info Accompanement Ma\u00e9<\/option><option value=\"Info Espace aidant Ma\u00e9\">Info Espace aidant Ma\u00e9<\/option><option value=\"Info Univers Ma\u00e9\">Info Univers Ma\u00e9<\/option><option value=\"Info App mobile Ma\u00e9\">Info App mobile Ma\u00e9<\/option><\/select><\/div>\n\n\n\n<div class=\"wp-block-uagb-forms-textarea uagb-forms-textarea-wrap uagb-forms-field-set uagb-block-035cf308\"><div class=\"uagb-forms-textarea-label required uagb-forms-input-label\" id=\"035cf308\">Message<\/div><textarea required class=\"uagb-forms-textarea-input uagb-forms-input\" rows=\"4\" placeholder=\"Dites-nous tout !\" name=\"035cf308\" autocomplete=\"off\"><\/textarea><\/div>\n<div class=\"uagb-forms-form-hidden-data\"><input type=\"hidden\" id=\"g-recaptcha-response\" class=\"uagb-forms-recaptcha\"\/><input type=\"hidden\" class=\"uagb_forms_form_label\" value=\"Spectra Form\"\/><input type=\"hidden\" class=\"uagb_forms_form_id\" value=\"uagb-form-b8165d7c\"\/><\/div><div class=\"g-recaptcha uagb-forms-field-set\" data-sitekey=\"\"><\/div><div class=\"uagb-form-reacaptcha-error-b8165d7c\"><\/div><div class=\"uagb-forms-main-submit-button-wrap wp-block-button\"><button class=\"uagb-forms-main-submit-button wp-block-button__link\"><div class=\"uagb-forms-main-submit-button-text\">Envoyer<\/div><\/button><\/div><\/form><div class=\"uagb-forms-success-message-b8165d7c uagb-forms-submit-message-hide\"><span>Bonjour,\n\nMerci d&rsquo;avoir pris le temps de nous \u00e9crire.\n\nNous avons bien re\u00e7u votre message et nous reviendrons vers vous au plus vite pour r\u00e9pondre \u00e0 votre demande.\n\n\u00c0 tr\u00e8s vite,\nL&rsquo;\u00e9quipe Ma\u00e9\u00ae<\/span><\/div><div class=\"uagb-forms-failed-message-b8165d7c uagb-forms-submit-message-hide\"><span>Oups ! Une petite erreur s&rsquo;est gliss\u00e9e&#8230;\n\nNous n&rsquo;avons pas pu envoyer votre message pour le moment. Pas de panique, vous pouvez nous contacter directement \u00e0 l&rsquo;adresse suivante : mailto : contact@wechalleng.com  ou r\u00e9essayer dans quelques instants.\n\nMerci de votre patience, L&rsquo;\u00e9quipe Ma\u00e9\u00ae<\/span><\/div><\/div>\n","protected":false},"excerpt":{"rendered":"<p>Besoin d&rsquo;informations Nous sommes l\u00e0 pour vous Pour que l\u2019\u00e9quipe\u00a0\u00a0Ma\u00e9\u00ae vous accompagne au mieux, choisissez le sujet qui vous concerne, puis prenez un moment pour nous en dire plus sur votre demande en remplissant le formulaire.<\/p>\n","protected":false},"author":2,"featured_media":0,"parent":0,"menu_order":0,"comment_status":"closed","ping_status":"closed","template":"page-no-title","meta":{"_acf_changed":false,"_uag_custom_page_level_css":"","footnotes":""},"class_list":["post-303","page","type-page","status-publish","hentry"],"acf":[],"yoast_head":"<!-- This site is optimized with the Yoast SEO plugin v27.3 - https:\/\/yoast.com\/product\/yoast-seo-wordpress\/ -->\n<title>Besoin d&#039;info - WEchalleng<\/title>\n<meta name=\"robots\" content=\"index, follow, max-snippet:-1, max-image-preview:large, max-video-preview:-1\" \/>\n<link rel=\"canonical\" href=\"https:\/\/wechalleng.com\/index.php\/besoin-info\/\" \/>\n<meta property=\"og:locale\" content=\"fr_FR\" \/>\n<meta property=\"og:type\" content=\"article\" \/>\n<meta property=\"og:title\" content=\"Besoin d&#039;info - WEchalleng\" \/>\n<meta property=\"og:description\" content=\"Besoin d&rsquo;informations Nous sommes l\u00e0 pour vous Pour que l\u2019\u00e9quipe\u00a0\u00a0Ma\u00e9\u00ae vous accompagne au mieux, choisissez le sujet qui vous concerne, puis prenez un moment pour nous en dire plus sur votre demande en remplissant le formulaire.\" \/>\n<meta property=\"og:url\" content=\"https:\/\/wechalleng.com\/index.php\/besoin-info\/\" \/>\n<meta property=\"og:site_name\" content=\"WEchalleng\" \/>\n<meta property=\"article:publisher\" content=\"https:\/\/www.facebook.com\/profile.php?id=61581220022272&amp;name=xhp_nt__fb__action__open_user\" \/>\n<meta property=\"article:modified_time\" content=\"2026-03-17T16:01:13+00:00\" \/>\n<meta name=\"twitter:card\" content=\"summary_large_image\" \/>\n<meta name=\"twitter:label1\" content=\"Dur\u00e9e de lecture estim\u00e9e\" \/>\n\t<meta name=\"twitter:data1\" content=\"1 minute\" \/>\n<script type=\"application\/ld+json\" class=\"yoast-schema-graph\">{\"@context\":\"https:\\\/\\\/schema.org\",\"@graph\":[{\"@type\":\"WebPage\",\"@id\":\"https:\\\/\\\/wechalleng.com\\\/index.php\\\/besoin-info\\\/\",\"url\":\"https:\\\/\\\/wechalleng.com\\\/index.php\\\/besoin-info\\\/\",\"name\":\"Besoin d'info - WEchalleng\",\"isPartOf\":{\"@id\":\"https:\\\/\\\/wechalleng.com\\\/#website\"},\"datePublished\":\"2026-02-02T09:02:15+00:00\",\"dateModified\":\"2026-03-17T16:01:13+00:00\",\"breadcrumb\":{\"@id\":\"https:\\\/\\\/wechalleng.com\\\/index.php\\\/besoin-info\\\/#breadcrumb\"},\"inLanguage\":\"fr-FR\",\"potentialAction\":[{\"@type\":\"ReadAction\",\"target\":[\"https:\\\/\\\/wechalleng.com\\\/index.php\\\/besoin-info\\\/\"]}]},{\"@type\":\"BreadcrumbList\",\"@id\":\"https:\\\/\\\/wechalleng.com\\\/index.php\\\/besoin-info\\\/#breadcrumb\",\"itemListElement\":[{\"@type\":\"ListItem\",\"position\":1,\"name\":\"Accueil\",\"item\":\"https:\\\/\\\/wechalleng.com\\\/\"},{\"@type\":\"ListItem\",\"position\":2,\"name\":\"Besoin d&rsquo;info\"}]},{\"@type\":\"WebSite\",\"@id\":\"https:\\\/\\\/wechalleng.com\\\/#website\",\"url\":\"https:\\\/\\\/wechalleng.com\\\/\",\"name\":\"WeChalleng\",\"description\":\"Ma\u00e9\u00ae by WEchalleng\",\"publisher\":{\"@id\":\"https:\\\/\\\/wechalleng.com\\\/#organization\"},\"potentialAction\":[{\"@type\":\"SearchAction\",\"target\":{\"@type\":\"EntryPoint\",\"urlTemplate\":\"https:\\\/\\\/wechalleng.com\\\/?s={search_term_string}\"},\"query-input\":{\"@type\":\"PropertyValueSpecification\",\"valueRequired\":true,\"valueName\":\"search_term_string\"}}],\"inLanguage\":\"fr-FR\"},{\"@type\":\"Organization\",\"@id\":\"https:\\\/\\\/wechalleng.com\\\/#organization\",\"name\":\"WeChalleng\",\"url\":\"https:\\\/\\\/wechalleng.com\\\/\",\"logo\":{\"@type\":\"ImageObject\",\"inLanguage\":\"fr-FR\",\"@id\":\"https:\\\/\\\/wechalleng.com\\\/#\\\/schema\\\/logo\\\/image\\\/\",\"url\":\"https:\\\/\\\/wechalleng.com\\\/wp-content\\\/uploads\\\/2026\\\/01\\\/Mexercer-2.png\",\"contentUrl\":\"https:\\\/\\\/wechalleng.com\\\/wp-content\\\/uploads\\\/2026\\\/01\\\/Mexercer-2.png\",\"width\":1862,\"height\":500,\"caption\":\"WeChalleng\"},\"image\":{\"@id\":\"https:\\\/\\\/wechalleng.com\\\/#\\\/schema\\\/logo\\\/image\\\/\"},\"sameAs\":[\"https:\\\/\\\/www.facebook.com\\\/profile.php?id=61581220022272&name=xhp_nt__fb__action__open_user\",\"https:\\\/\\\/www.instagram.com\\\/wechalleng_\\\/\"]}]}<\/script>\n<!-- \/ Yoast SEO plugin. -->","yoast_head_json":{"title":"Besoin d'info - WEchalleng","robots":{"index":"index","follow":"follow","max-snippet":"max-snippet:-1","max-image-preview":"max-image-preview:large","max-video-preview":"max-video-preview:-1"},"canonical":"https:\/\/wechalleng.com\/index.php\/besoin-info\/","og_locale":"fr_FR","og_type":"article","og_title":"Besoin d'info - WEchalleng","og_description":"Besoin d&rsquo;informations Nous sommes l\u00e0 pour vous Pour que l\u2019\u00e9quipe\u00a0\u00a0Ma\u00e9\u00ae vous accompagne au mieux, choisissez le sujet qui vous concerne, puis prenez un moment pour nous en dire plus sur votre demande en remplissant le formulaire.","og_url":"https:\/\/wechalleng.com\/index.php\/besoin-info\/","og_site_name":"WEchalleng","article_publisher":"https:\/\/www.facebook.com\/profile.php?id=61581220022272&name=xhp_nt__fb__action__open_user","article_modified_time":"2026-03-17T16:01:13+00:00","twitter_card":"summary_large_image","twitter_misc":{"Dur\u00e9e de lecture estim\u00e9e":"1 minute"},"schema":{"@context":"https:\/\/schema.org","@graph":[{"@type":"WebPage","@id":"https:\/\/wechalleng.com\/index.php\/besoin-info\/","url":"https:\/\/wechalleng.com\/index.php\/besoin-info\/","name":"Besoin d'info - WEchalleng","isPartOf":{"@id":"https:\/\/wechalleng.com\/#website"},"datePublished":"2026-02-02T09:02:15+00:00","dateModified":"2026-03-17T16:01:13+00:00","breadcrumb":{"@id":"https:\/\/wechalleng.com\/index.php\/besoin-info\/#breadcrumb"},"inLanguage":"fr-FR","potentialAction":[{"@type":"ReadAction","target":["https:\/\/wechalleng.com\/index.php\/besoin-info\/"]}]},{"@type":"BreadcrumbList","@id":"https:\/\/wechalleng.com\/index.php\/besoin-info\/#breadcrumb","itemListElement":[{"@type":"ListItem","position":1,"name":"Accueil","item":"https:\/\/wechalleng.com\/"},{"@type":"ListItem","position":2,"name":"Besoin d&rsquo;info"}]},{"@type":"WebSite","@id":"https:\/\/wechalleng.com\/#website","url":"https:\/\/wechalleng.com\/","name":"WeChalleng","description":"Ma\u00e9\u00ae by WEchalleng","publisher":{"@id":"https:\/\/wechalleng.com\/#organization"},"potentialAction":[{"@type":"SearchAction","target":{"@type":"EntryPoint","urlTemplate":"https:\/\/wechalleng.com\/?s={search_term_string}"},"query-input":{"@type":"PropertyValueSpecification","valueRequired":true,"valueName":"search_term_string"}}],"inLanguage":"fr-FR"},{"@type":"Organization","@id":"https:\/\/wechalleng.com\/#organization","name":"WeChalleng","url":"https:\/\/wechalleng.com\/","logo":{"@type":"ImageObject","inLanguage":"fr-FR","@id":"https:\/\/wechalleng.com\/#\/schema\/logo\/image\/","url":"https:\/\/wechalleng.com\/wp-content\/uploads\/2026\/01\/Mexercer-2.png","contentUrl":"https:\/\/wechalleng.com\/wp-content\/uploads\/2026\/01\/Mexercer-2.png","width":1862,"height":500,"caption":"WeChalleng"},"image":{"@id":"https:\/\/wechalleng.com\/#\/schema\/logo\/image\/"},"sameAs":["https:\/\/www.facebook.com\/profile.php?id=61581220022272&name=xhp_nt__fb__action__open_user","https:\/\/www.instagram.com\/wechalleng_\/"]}]}},"uagb_featured_image_src":{"full":false,"thumbnail":false,"medium":false,"medium_large":false,"large":false,"1536x1536":false,"2048x2048":false},"uagb_author_info":{"display_name":"Loris Prabel","author_link":"https:\/\/wechalleng.com\/index.php\/author\/loris\/"},"uagb_comment_info":0,"uagb_excerpt":"Besoin d&rsquo;informations Nous sommes l\u00e0 pour vous Pour que l\u2019\u00e9quipe\u00a0\u00a0Ma\u00e9\u00ae vous accompagne au mieux, choisissez le sujet qui vous concerne, puis prenez un moment pour nous en dire plus sur votre demande en remplissant le formulaire.","_links":{"self":[{"href":"https:\/\/wechalleng.com\/index.php\/wp-json\/wp\/v2\/pages\/303","targetHints":{"allow":["GET"]}}],"collection":[{"href":"https:\/\/wechalleng.com\/index.php\/wp-json\/wp\/v2\/pages"}],"about":[{"href":"https:\/\/wechalleng.com\/index.php\/wp-json\/wp\/v2\/types\/page"}],"author":[{"embeddable":true,"href":"https:\/\/wechalleng.com\/index.php\/wp-json\/wp\/v2\/users\/2"}],"replies":[{"embeddable":true,"href":"https:\/\/wechalleng.com\/index.php\/wp-json\/wp\/v2\/comments?post=303"}],"version-history":[{"count":20,"href":"https:\/\/wechalleng.com\/index.php\/wp-json\/wp\/v2\/pages\/303\/revisions"}],"predecessor-version":[{"id":2353,"href":"https:\/\/wechalleng.com\/index.php\/wp-json\/wp\/v2\/pages\/303\/revisions\/2353"}],"wp:attachment":[{"href":"https:\/\/wechalleng.com\/index.php\/wp-json\/wp\/v2\/media?parent=303"}],"curies":[{"name":"wp","href":"https:\/\/api.w.org\/{rel}","templated":true}]}}