{"id":635,"date":"2026-02-06T16:42:54","date_gmt":"2026-02-06T15:42:54","guid":{"rendered":"https:\/\/wechalleng.com\/?page_id=635"},"modified":"2026-03-24T10:21:58","modified_gmt":"2026-03-24T09:21:58","slug":"nous-contacter","status":"publish","type":"page","link":"https:\/\/wechalleng.com\/index.php\/nous-contacter\/","title":{"rendered":"Nous Contacter"},"content":{"rendered":"\n<h2 class=\"wp-block-heading has-text-align-center has-xx-large-font-size\"><strong>Besoin d\u2019informations<\/strong><\/h2>\n\n\n\n<p class=\"has-text-align-center has-text-color has-link-color has-x-large-font-size wp-elements-4e3c09efd6cf428eef82d239dcb31aaa\" style=\"color:#42b8b0;font-style:normal;font-weight:400\"><strong>Nous sommes l\u00e0 pour vous guider<\/strong><\/p>\n\n\n\n<div class=\"wp-block-uagb-container uagb-block-161fbeae default uagb-is-root-container\">\n<p class=\"has-text-align-center\" style=\"padding-left:0;font-size:clamp(1.039rem, 1.039rem + ((1vw - 0.2rem) * 0.88), 1.6rem);font-style:normal;font-weight:500;line-height:1.9\">Vous avez une question ou souhaitez mieux comprendre nos accompagnements. Cette page vous aide \u00e0 trouver rapidement&nbsp;les r\u00e9ponses dont vous avez besoin.<\/p>\n<\/div>\n\n\n\n<div class=\"wp-block-uagb-container uagb-block-5257e1a7 default uagb-is-root-container\">\n<p class=\"has-text-align-center\" style=\"font-size:clamp(1.039rem, 1.039rem + ((1vw - 0.2rem) * 0.88), 1.6rem);font-style:normal;font-weight:600\">&nbsp;Choisissez l\u2019un des boutons ci\u2011dessous afin d\u2019\u00eatre orient\u00e9 vers les informations adapt\u00e9es \u00e0 votre demande.<\/p>\n<\/div>\n\n\n\n<div class=\"wp-block-uagb-container uagb-block-3824cfaf alignfull uagb-is-root-container\"><div class=\"uagb-container-inner-blocks-wrap\">\n<div class=\"wp-block-uagb-buttons uagb-buttons__outer-wrap uagb-btn__default-btn uagb-btn-tablet__default-btn uagb-btn-mobile__default-btn uagb-block-352d6c79\"><div class=\"uagb-buttons__wrap uagb-buttons-layout-wrap \">\n<div class=\"wp-block-uagb-buttons-child uagb-buttons__outer-wrap uagb-block-e7ba670e wp-block-button\"><div class=\"uagb-button__wrapper\"><a class=\"uagb-buttons-repeater wp-block-button__link\" aria-label=\"\" href=\"\/index.php\/essayer-mae-2\/\" rel=\"follow noopener\" target=\"_self\" role=\"button\"><div class=\"uagb-button__link\">Essayer Ma\u00e9<\/div><\/a><\/div><\/div>\n\n\n\n<div class=\"wp-block-uagb-buttons-child uagb-buttons__outer-wrap uagb-block-ad761021 wp-block-button\"><div class=\"uagb-button__wrapper\"><a class=\"uagb-buttons-repeater wp-block-button__link\" aria-label=\"\" href=\"https:\/\/wechalleng.com\/index.php\/besoin-info\/\" rel=\"follow noopener\" target=\"_self\" role=\"button\"><div class=\"uagb-button__link\">Demande d\u2019information<\/div><\/a><\/div><\/div>\n\n\n\n<div class=\"wp-block-uagb-buttons-child uagb-buttons__outer-wrap uagb-block-f477936f wp-block-button\"><div class=\"uagb-button__wrapper\"><a class=\"uagb-buttons-repeater wp-block-button__link\" aria-label=\"\" href=\"https:\/\/wechalleng.com\/index.php\/formulaire-partenariat-presse\/\" rel=\"follow noopener\" target=\"_self\" role=\"button\"><div class=\"uagb-button__link\">Partenariat \/ Presse<\/div><\/a><\/div><\/div>\n\n\n\n<div class=\"wp-block-uagb-buttons-child uagb-buttons__outer-wrap uagb-block-2371bd84 wp-block-button\"><div class=\"uagb-button__wrapper\"><a class=\"uagb-buttons-repeater wp-block-button__link\" aria-label=\"\" href=\"#\" rel=\"follow noopener\" target=\"_self\" role=\"button\"><div class=\"uagb-button__link\">Professionnel<\/div><\/a><\/div><\/div>\n<\/div><\/div>\n<\/div><\/div>\n","protected":false},"excerpt":{"rendered":"<p>Besoin d\u2019informations Nous sommes l\u00e0 pour vous guider Vous avez une question ou souhaitez mieux comprendre nos accompagnements. Cette page vous aide \u00e0 trouver rapidement&nbsp;les r\u00e9ponses dont vous avez besoin. &nbsp;Choisissez l\u2019un des boutons ci\u2011dessous afin d\u2019\u00eatre orient\u00e9 vers les informations adapt\u00e9es \u00e0 votre demande.<\/p>\n","protected":false},"author":2,"featured_media":0,"parent":0,"menu_order":0,"comment_status":"closed","ping_status":"closed","template":"page-no-title","meta":{"_acf_changed":false,"_uag_custom_page_level_css":"","footnotes":""},"class_list":["post-635","page","type-page","status-publish","hentry"],"acf":[],"yoast_head":"<!-- This site is optimized with the Yoast SEO plugin v27.3 - https:\/\/yoast.com\/product\/yoast-seo-wordpress\/ -->\n<title>l\u2019\u00e9quipe WEchalleng toujours \u00e0 votre \u00e9coute<\/title>\n<meta name=\"description\" content=\"Une question ou un besoin pr\u00e9cis\u202f? Choisissez votre cat\u00e9gorie pour acc\u00e9der rapidement aux informations, services et contacts.\" \/>\n<meta name=\"robots\" content=\"index, follow, max-snippet:-1, max-image-preview:large, max-video-preview:-1\" \/>\n<link rel=\"canonical\" href=\"https:\/\/wechalleng.com\/index.php\/nous-contacter\/\" \/>\n<meta property=\"og:locale\" content=\"fr_FR\" \/>\n<meta property=\"og:type\" content=\"article\" \/>\n<meta property=\"og:title\" content=\"l\u2019\u00e9quipe WEchalleng toujours \u00e0 votre \u00e9coute\" \/>\n<meta property=\"og:description\" content=\"Une question ou un besoin pr\u00e9cis\u202f? Choisissez votre cat\u00e9gorie pour acc\u00e9der rapidement aux informations, services et contacts.\" \/>\n<meta property=\"og:url\" content=\"https:\/\/wechalleng.com\/index.php\/nous-contacter\/\" \/>\n<meta property=\"og:site_name\" content=\"WEchalleng\" \/>\n<meta property=\"article:publisher\" content=\"https:\/\/www.facebook.com\/profile.php?id=61581220022272&amp;name=xhp_nt__fb__action__open_user\" \/>\n<meta property=\"article:modified_time\" content=\"2026-03-24T09:21:58+00:00\" \/>\n<meta name=\"twitter:card\" content=\"summary_large_image\" \/>\n<meta name=\"twitter:label1\" content=\"Dur\u00e9e de lecture estim\u00e9e\" \/>\n\t<meta name=\"twitter:data1\" content=\"1 minute\" \/>\n<script type=\"application\/ld+json\" class=\"yoast-schema-graph\">{\"@context\":\"https:\\\/\\\/schema.org\",\"@graph\":[{\"@type\":\"WebPage\",\"@id\":\"https:\\\/\\\/wechalleng.com\\\/index.php\\\/nous-contacter\\\/\",\"url\":\"https:\\\/\\\/wechalleng.com\\\/index.php\\\/nous-contacter\\\/\",\"name\":\"l\u2019\u00e9quipe WEchalleng toujours \u00e0 votre \u00e9coute\",\"isPartOf\":{\"@id\":\"https:\\\/\\\/wechalleng.com\\\/#website\"},\"datePublished\":\"2026-02-06T15:42:54+00:00\",\"dateModified\":\"2026-03-24T09:21:58+00:00\",\"description\":\"Une question ou un besoin pr\u00e9cis\u202f? Choisissez votre cat\u00e9gorie pour acc\u00e9der rapidement aux informations, services et contacts.\",\"breadcrumb\":{\"@id\":\"https:\\\/\\\/wechalleng.com\\\/index.php\\\/nous-contacter\\\/#breadcrumb\"},\"inLanguage\":\"fr-FR\",\"potentialAction\":[{\"@type\":\"ReadAction\",\"target\":[\"https:\\\/\\\/wechalleng.com\\\/index.php\\\/nous-contacter\\\/\"]}]},{\"@type\":\"BreadcrumbList\",\"@id\":\"https:\\\/\\\/wechalleng.com\\\/index.php\\\/nous-contacter\\\/#breadcrumb\",\"itemListElement\":[{\"@type\":\"ListItem\",\"position\":1,\"name\":\"Accueil\",\"item\":\"https:\\\/\\\/wechalleng.com\\\/\"},{\"@type\":\"ListItem\",\"position\":2,\"name\":\"Nous Contacter\"}]},{\"@type\":\"WebSite\",\"@id\":\"https:\\\/\\\/wechalleng.com\\\/#website\",\"url\":\"https:\\\/\\\/wechalleng.com\\\/\",\"name\":\"WeChalleng\",\"description\":\"Ma\u00e9\u00ae by WEchalleng\",\"publisher\":{\"@id\":\"https:\\\/\\\/wechalleng.com\\\/#organization\"},\"potentialAction\":[{\"@type\":\"SearchAction\",\"target\":{\"@type\":\"EntryPoint\",\"urlTemplate\":\"https:\\\/\\\/wechalleng.com\\\/?s={search_term_string}\"},\"query-input\":{\"@type\":\"PropertyValueSpecification\",\"valueRequired\":true,\"valueName\":\"search_term_string\"}}],\"inLanguage\":\"fr-FR\"},{\"@type\":\"Organization\",\"@id\":\"https:\\\/\\\/wechalleng.com\\\/#organization\",\"name\":\"WeChalleng\",\"url\":\"https:\\\/\\\/wechalleng.com\\\/\",\"logo\":{\"@type\":\"ImageObject\",\"inLanguage\":\"fr-FR\",\"@id\":\"https:\\\/\\\/wechalleng.com\\\/#\\\/schema\\\/logo\\\/image\\\/\",\"url\":\"https:\\\/\\\/wechalleng.com\\\/wp-content\\\/uploads\\\/2026\\\/01\\\/Mexercer-2.png\",\"contentUrl\":\"https:\\\/\\\/wechalleng.com\\\/wp-content\\\/uploads\\\/2026\\\/01\\\/Mexercer-2.png\",\"width\":1862,\"height\":500,\"caption\":\"WeChalleng\"},\"image\":{\"@id\":\"https:\\\/\\\/wechalleng.com\\\/#\\\/schema\\\/logo\\\/image\\\/\"},\"sameAs\":[\"https:\\\/\\\/www.facebook.com\\\/profile.php?id=61581220022272&name=xhp_nt__fb__action__open_user\",\"https:\\\/\\\/www.instagram.com\\\/wechalleng_\\\/\"]}]}<\/script>\n<!-- \/ Yoast SEO plugin. -->","yoast_head_json":{"title":"l\u2019\u00e9quipe WEchalleng toujours \u00e0 votre \u00e9coute","description":"Une question ou un besoin pr\u00e9cis\u202f? Choisissez votre cat\u00e9gorie pour acc\u00e9der rapidement aux informations, services et contacts.","robots":{"index":"index","follow":"follow","max-snippet":"max-snippet:-1","max-image-preview":"max-image-preview:large","max-video-preview":"max-video-preview:-1"},"canonical":"https:\/\/wechalleng.com\/index.php\/nous-contacter\/","og_locale":"fr_FR","og_type":"article","og_title":"l\u2019\u00e9quipe WEchalleng toujours \u00e0 votre \u00e9coute","og_description":"Une question ou un besoin pr\u00e9cis\u202f? Choisissez votre cat\u00e9gorie pour acc\u00e9der rapidement aux informations, services et contacts.","og_url":"https:\/\/wechalleng.com\/index.php\/nous-contacter\/","og_site_name":"WEchalleng","article_publisher":"https:\/\/www.facebook.com\/profile.php?id=61581220022272&name=xhp_nt__fb__action__open_user","article_modified_time":"2026-03-24T09:21:58+00:00","twitter_card":"summary_large_image","twitter_misc":{"Dur\u00e9e de lecture estim\u00e9e":"1 minute"},"schema":{"@context":"https:\/\/schema.org","@graph":[{"@type":"WebPage","@id":"https:\/\/wechalleng.com\/index.php\/nous-contacter\/","url":"https:\/\/wechalleng.com\/index.php\/nous-contacter\/","name":"l\u2019\u00e9quipe WEchalleng toujours \u00e0 votre \u00e9coute","isPartOf":{"@id":"https:\/\/wechalleng.com\/#website"},"datePublished":"2026-02-06T15:42:54+00:00","dateModified":"2026-03-24T09:21:58+00:00","description":"Une question ou un besoin pr\u00e9cis\u202f? Choisissez votre cat\u00e9gorie pour acc\u00e9der rapidement aux informations, services et contacts.","breadcrumb":{"@id":"https:\/\/wechalleng.com\/index.php\/nous-contacter\/#breadcrumb"},"inLanguage":"fr-FR","potentialAction":[{"@type":"ReadAction","target":["https:\/\/wechalleng.com\/index.php\/nous-contacter\/"]}]},{"@type":"BreadcrumbList","@id":"https:\/\/wechalleng.com\/index.php\/nous-contacter\/#breadcrumb","itemListElement":[{"@type":"ListItem","position":1,"name":"Accueil","item":"https:\/\/wechalleng.com\/"},{"@type":"ListItem","position":2,"name":"Nous Contacter"}]},{"@type":"WebSite","@id":"https:\/\/wechalleng.com\/#website","url":"https:\/\/wechalleng.com\/","name":"WeChalleng","description":"Ma\u00e9\u00ae by WEchalleng","publisher":{"@id":"https:\/\/wechalleng.com\/#organization"},"potentialAction":[{"@type":"SearchAction","target":{"@type":"EntryPoint","urlTemplate":"https:\/\/wechalleng.com\/?s={search_term_string}"},"query-input":{"@type":"PropertyValueSpecification","valueRequired":true,"valueName":"search_term_string"}}],"inLanguage":"fr-FR"},{"@type":"Organization","@id":"https:\/\/wechalleng.com\/#organization","name":"WeChalleng","url":"https:\/\/wechalleng.com\/","logo":{"@type":"ImageObject","inLanguage":"fr-FR","@id":"https:\/\/wechalleng.com\/#\/schema\/logo\/image\/","url":"https:\/\/wechalleng.com\/wp-content\/uploads\/2026\/01\/Mexercer-2.png","contentUrl":"https:\/\/wechalleng.com\/wp-content\/uploads\/2026\/01\/Mexercer-2.png","width":1862,"height":500,"caption":"WeChalleng"},"image":{"@id":"https:\/\/wechalleng.com\/#\/schema\/logo\/image\/"},"sameAs":["https:\/\/www.facebook.com\/profile.php?id=61581220022272&name=xhp_nt__fb__action__open_user","https:\/\/www.instagram.com\/wechalleng_\/"]}]}},"uagb_featured_image_src":{"full":false,"thumbnail":false,"medium":false,"medium_large":false,"large":false,"1536x1536":false,"2048x2048":false},"uagb_author_info":{"display_name":"Loris Prabel","author_link":"https:\/\/wechalleng.com\/index.php\/author\/loris\/"},"uagb_comment_info":0,"uagb_excerpt":"Besoin d\u2019informations Nous sommes l\u00e0 pour vous guider Vous avez une question ou souhaitez mieux comprendre nos accompagnements. Cette page vous aide \u00e0 trouver rapidement&nbsp;les r\u00e9ponses dont vous avez besoin. &nbsp;Choisissez l\u2019un des boutons ci\u2011dessous afin d\u2019\u00eatre orient\u00e9 vers les informations adapt\u00e9es \u00e0 votre demande.","_links":{"self":[{"href":"https:\/\/wechalleng.com\/index.php\/wp-json\/wp\/v2\/pages\/635","targetHints":{"allow":["GET"]}}],"collection":[{"href":"https:\/\/wechalleng.com\/index.php\/wp-json\/wp\/v2\/pages"}],"about":[{"href":"https:\/\/wechalleng.com\/index.php\/wp-json\/wp\/v2\/types\/page"}],"author":[{"embeddable":true,"href":"https:\/\/wechalleng.com\/index.php\/wp-json\/wp\/v2\/users\/2"}],"replies":[{"embeddable":true,"href":"https:\/\/wechalleng.com\/index.php\/wp-json\/wp\/v2\/comments?post=635"}],"version-history":[{"count":42,"href":"https:\/\/wechalleng.com\/index.php\/wp-json\/wp\/v2\/pages\/635\/revisions"}],"predecessor-version":[{"id":2444,"href":"https:\/\/wechalleng.com\/index.php\/wp-json\/wp\/v2\/pages\/635\/revisions\/2444"}],"wp:attachment":[{"href":"https:\/\/wechalleng.com\/index.php\/wp-json\/wp\/v2\/media?parent=635"}],"curies":[{"name":"wp","href":"https:\/\/api.w.org\/{rel}","templated":true}]}}